{"id":1403,"date":"2019-05-29T15:17:56","date_gmt":"2019-05-29T13:17:56","guid":{"rendered":"https:\/\/www.caterinaquartana.it\/prodotto\/decorative-strip-in-black-linen-fabric-with-gros-grain-edge\/"},"modified":"2022-03-20T16:58:32","modified_gmt":"2022-03-20T15:58:32","slug":"decorative-strip-in-linen-boucle-design-in-black-color-with-black-canete-border","status":"publish","type":"product","link":"https:\/\/www.caterinaquartana.it\/en\/product\/decorative-strip-in-linen-boucle-design-in-black-color-with-black-canete-border\/","title":{"rendered":"Decorative Strip in Linen Boucl\u00e9 design in black color with black canet\u00e8 border"},"content":{"rendered":"<div class=\"page\" title=\"Page 1\">\n<div class=\"section\">\n<div class=\"layoutArea\">\n<div class=\"column\">\n<p>Decorative Strip in Linen Boucl\u00e9 design in black color with black canet\u00e8 border<\/p>\n<p>Size: 45 x 140 cm | 65 x 220 cm<br \/>\nFabric: 20% linen and 80% cotton<br \/>\nHandmade product Made in Italy<\/p>\n<\/div>\n<\/div>\n<\/div>\n<\/div>\n","protected":false},"excerpt":{"rendered":"<p>The Boucl\u00e8 design linen strip is functional and decorative at the same time. It is double-sided so it can be easily combined and can be used for the table, for the bed, but not only. This accessory allows you to give a touch of design and uniqueness to any environment.<\/p>\n<p>Handmade product Made in Italy<\/p>\n","protected":false},"featured_media":14724,"template":"","meta":[],"product_brand":[],"product_cat":[64,66],"product_tag":[],"class_list":{"0":"post-1403","1":"product","2":"type-product","3":"status-publish","4":"has-post-thumbnail","6":"product_cat-living-en","7":"product_cat-runners","9":"first","10":"instock","11":"taxable","12":"shipping-taxable","13":"purchasable","14":"product-type-variable"},"yoast_head":"<!-- This site is optimized with the Yoast SEO Premium plugin v23.6 (Yoast SEO v26.9) - https:\/\/yoast.com\/product\/yoast-seo-premium-wordpress\/ -->\n<title>Decorative Strip in Black Linen Fabric | Caterina Quartana<\/title>\n<meta name=\"description\" content=\"Funzionale e decorativa la striscia in tessuto CQ disegno boucl\u00e8, la sua doppia faccia permette la facilit\u00e0 di abbinamento\" \/>\n<meta name=\"robots\" content=\"index, follow, max-snippet:-1, max-image-preview:large, max-video-preview:-1\" \/>\n<link rel=\"canonical\" href=\"https:\/\/www.caterinaquartana.it\/en\/product\/decorative-strip-in-linen-boucle-design-in-black-color-with-black-canete-border\/\" \/>\n<meta property=\"og:locale\" content=\"en_US\" \/>\n<meta property=\"og:type\" content=\"article\" \/>\n<meta property=\"og:title\" content=\"Decorative Strip in Linen Boucl\u00e9 design in black color with black canet\u00e8 border\" \/>\n<meta property=\"og:description\" content=\"Funzionale e decorativa la striscia in tessuto CQ disegno boucl\u00e8, la sua doppia faccia permette la facilit\u00e0 di abbinamento\" \/>\n<meta property=\"og:url\" content=\"https:\/\/www.caterinaquartana.it\/en\/product\/decorative-strip-in-linen-boucle-design-in-black-color-with-black-canete-border\/\" \/>\n<meta property=\"og:site_name\" content=\"Caterina Quartana - Textile Designer\" \/>\n<meta property=\"article:publisher\" content=\"http:\/\/facebook.com\/quartanacaterina\" \/>\n<meta property=\"article:modified_time\" content=\"2022-03-20T15:58:32+00:00\" \/>\n<meta property=\"og:image\" content=\"https:\/\/www.caterinaquartana.it\/wp-content\/uploads\/2019\/05\/4.png\" \/>\n\t<meta property=\"og:image:width\" content=\"1080\" \/>\n\t<meta property=\"og:image:height\" content=\"1080\" \/>\n\t<meta property=\"og:image:type\" content=\"image\/png\" \/>\n<meta name=\"twitter:card\" content=\"summary_large_image\" \/>\n<meta name=\"twitter:label1\" content=\"Availability\" \/>\n\t<meta name=\"twitter:data1\" content=\"In stock\" \/>\n<script type=\"application\/ld+json\" class=\"yoast-schema-graph\">{\"@context\":\"https:\/\/schema.org\",\"@graph\":[{\"@type\":\"WebPage\",\"@id\":\"https:\/\/www.caterinaquartana.it\/en\/product\/decorative-strip-in-linen-boucle-design-in-black-color-with-black-canete-border\/\",\"url\":\"https:\/\/www.caterinaquartana.it\/en\/product\/decorative-strip-in-linen-boucle-design-in-black-color-with-black-canete-border\/\",\"name\":\"Decorative Strip in Black Linen Fabric | Caterina Quartana\",\"isPartOf\":{\"@id\":\"https:\/\/www.caterinaquartana.it\/en\/#website\"},\"primaryImageOfPage\":{\"@id\":\"https:\/\/www.caterinaquartana.it\/en\/product\/decorative-strip-in-linen-boucle-design-in-black-color-with-black-canete-border\/#primaryimage\"},\"image\":{\"@id\":\"https:\/\/www.caterinaquartana.it\/en\/product\/decorative-strip-in-linen-boucle-design-in-black-color-with-black-canete-border\/#primaryimage\"},\"thumbnailUrl\":\"https:\/\/www.caterinaquartana.it\/wp-content\/uploads\/2019\/05\/4.png\",\"datePublished\":\"2019-05-29T13:17:56+00:00\",\"dateModified\":\"2022-03-20T15:58:32+00:00\",\"description\":\"Funzionale e decorativa la striscia in tessuto CQ disegno boucl\u00e8, la sua doppia faccia permette la facilit\u00e0 di abbinamento\",\"breadcrumb\":{\"@id\":\"https:\/\/www.caterinaquartana.it\/en\/product\/decorative-strip-in-linen-boucle-design-in-black-color-with-black-canete-border\/#breadcrumb\"},\"inLanguage\":\"en-US\",\"potentialAction\":[{\"@type\":\"ReadAction\",\"target\":[\"https:\/\/www.caterinaquartana.it\/en\/product\/decorative-strip-in-linen-boucle-design-in-black-color-with-black-canete-border\/\"]}]},{\"@type\":\"ImageObject\",\"inLanguage\":\"en-US\",\"@id\":\"https:\/\/www.caterinaquartana.it\/en\/product\/decorative-strip-in-linen-boucle-design-in-black-color-with-black-canete-border\/#primaryimage\",\"url\":\"https:\/\/www.caterinaquartana.it\/wp-content\/uploads\/2019\/05\/4.png\",\"contentUrl\":\"https:\/\/www.caterinaquartana.it\/wp-content\/uploads\/2019\/05\/4.png\",\"width\":1080,\"height\":1080},{\"@type\":\"BreadcrumbList\",\"@id\":\"https:\/\/www.caterinaquartana.it\/en\/product\/decorative-strip-in-linen-boucle-design-in-black-color-with-black-canete-border\/#breadcrumb\",\"itemListElement\":[{\"@type\":\"ListItem\",\"position\":1,\"name\":\"Home\",\"item\":\"https:\/\/www.caterinaquartana.it\/en\/\"},{\"@type\":\"ListItem\",\"position\":2,\"name\":\"Shop\",\"item\":\"https:\/\/www.caterinaquartana.it\/en\/shop\/\"},{\"@type\":\"ListItem\",\"position\":3,\"name\":\"Decorative Strip in Linen Boucl\u00e9 design in black color with black canet\u00e8 border\"}]},{\"@type\":\"WebSite\",\"@id\":\"https:\/\/www.caterinaquartana.it\/en\/#website\",\"url\":\"https:\/\/www.caterinaquartana.it\/en\/\",\"name\":\"Caterina Quartana - Textile Designer\",\"description\":\"Nell&#039;arredamento, nella moda e nell&#039;arte Caterina Quartana da vita a tessuti unici realizzati a mano tramite le pi\u00f9 antiche tecniche di tessitura lungo una trama ed un ordito che dona unicit\u00e0 e splendore alle sue creazioni.\",\"publisher\":{\"@id\":\"https:\/\/www.caterinaquartana.it\/en\/#organization\"},\"potentialAction\":[{\"@type\":\"SearchAction\",\"target\":{\"@type\":\"EntryPoint\",\"urlTemplate\":\"https:\/\/www.caterinaquartana.it\/en\/?s={search_term_string}\"},\"query-input\":{\"@type\":\"PropertyValueSpecification\",\"valueRequired\":true,\"valueName\":\"search_term_string\"}}],\"inLanguage\":\"en-US\"},{\"@type\":\"Organization\",\"@id\":\"https:\/\/www.caterinaquartana.it\/en\/#organization\",\"name\":\"Caterina Quartana - Textile Designer\",\"url\":\"https:\/\/www.caterinaquartana.it\/en\/\",\"logo\":{\"@type\":\"ImageObject\",\"inLanguage\":\"en-US\",\"@id\":\"https:\/\/www.caterinaquartana.it\/en\/#\/schema\/logo\/image\/\",\"url\":\"https:\/\/www.caterinaquartana.it\/wp-content\/uploads\/2019\/05\/CQ-LOGO-copia.png\",\"contentUrl\":\"https:\/\/www.caterinaquartana.it\/wp-content\/uploads\/2019\/05\/CQ-LOGO-copia.png\",\"width\":354,\"height\":236,\"caption\":\"Caterina Quartana - Textile Designer\"},\"image\":{\"@id\":\"https:\/\/www.caterinaquartana.it\/en\/#\/schema\/logo\/image\/\"},\"sameAs\":[\"http:\/\/facebook.com\/quartanacaterina\",\"http:\/\/instagram.com\/caterinaquartana\",\"https:\/\/www.youtube.com\/channel\/UCq0--0eoG6TKYdQ9VhyswIA\"]}]}<\/script>\n<meta property=\"product:brand\" content=\"variable\" \/>\n<meta property=\"og:availability\" content=\"instock\" \/>\n<meta property=\"product:availability\" content=\"instock\" \/>\n<meta property=\"product:condition\" content=\"new\" \/>\n<!-- \/ Yoast SEO Premium plugin. -->","yoast_head_json":{"title":"Decorative Strip in Black Linen Fabric | Caterina Quartana","description":"Funzionale e decorativa la striscia in tessuto CQ disegno boucl\u00e8, la sua doppia faccia permette la facilit\u00e0 di abbinamento","robots":{"index":"index","follow":"follow","max-snippet":"max-snippet:-1","max-image-preview":"max-image-preview:large","max-video-preview":"max-video-preview:-1"},"canonical":"https:\/\/www.caterinaquartana.it\/en\/product\/decorative-strip-in-linen-boucle-design-in-black-color-with-black-canete-border\/","og_locale":"en_US","og_type":"article","og_title":"Decorative Strip in Linen Boucl\u00e9 design in black color with black canet\u00e8 border","og_description":"Funzionale e decorativa la striscia in tessuto CQ disegno boucl\u00e8, la sua doppia faccia permette la facilit\u00e0 di abbinamento","og_url":"https:\/\/www.caterinaquartana.it\/en\/product\/decorative-strip-in-linen-boucle-design-in-black-color-with-black-canete-border\/","og_site_name":"Caterina Quartana - Textile Designer","article_publisher":"http:\/\/facebook.com\/quartanacaterina","article_modified_time":"2022-03-20T15:58:32+00:00","og_image":[{"width":1080,"height":1080,"url":"https:\/\/www.caterinaquartana.it\/wp-content\/uploads\/2019\/05\/4.png","type":"image\/png"}],"twitter_card":"summary_large_image","twitter_misc":{"Availability":"In stock"},"schema":{"@context":"https:\/\/schema.org","@graph":[{"@type":"WebPage","@id":"https:\/\/www.caterinaquartana.it\/en\/product\/decorative-strip-in-linen-boucle-design-in-black-color-with-black-canete-border\/","url":"https:\/\/www.caterinaquartana.it\/en\/product\/decorative-strip-in-linen-boucle-design-in-black-color-with-black-canete-border\/","name":"Decorative Strip in Black Linen Fabric | Caterina Quartana","isPartOf":{"@id":"https:\/\/www.caterinaquartana.it\/en\/#website"},"primaryImageOfPage":{"@id":"https:\/\/www.caterinaquartana.it\/en\/product\/decorative-strip-in-linen-boucle-design-in-black-color-with-black-canete-border\/#primaryimage"},"image":{"@id":"https:\/\/www.caterinaquartana.it\/en\/product\/decorative-strip-in-linen-boucle-design-in-black-color-with-black-canete-border\/#primaryimage"},"thumbnailUrl":"https:\/\/www.caterinaquartana.it\/wp-content\/uploads\/2019\/05\/4.png","datePublished":"2019-05-29T13:17:56+00:00","dateModified":"2022-03-20T15:58:32+00:00","description":"Funzionale e decorativa la striscia in tessuto CQ disegno boucl\u00e8, la sua doppia faccia permette la facilit\u00e0 di abbinamento","breadcrumb":{"@id":"https:\/\/www.caterinaquartana.it\/en\/product\/decorative-strip-in-linen-boucle-design-in-black-color-with-black-canete-border\/#breadcrumb"},"inLanguage":"en-US","potentialAction":[{"@type":"ReadAction","target":["https:\/\/www.caterinaquartana.it\/en\/product\/decorative-strip-in-linen-boucle-design-in-black-color-with-black-canete-border\/"]}]},{"@type":"ImageObject","inLanguage":"en-US","@id":"https:\/\/www.caterinaquartana.it\/en\/product\/decorative-strip-in-linen-boucle-design-in-black-color-with-black-canete-border\/#primaryimage","url":"https:\/\/www.caterinaquartana.it\/wp-content\/uploads\/2019\/05\/4.png","contentUrl":"https:\/\/www.caterinaquartana.it\/wp-content\/uploads\/2019\/05\/4.png","width":1080,"height":1080},{"@type":"BreadcrumbList","@id":"https:\/\/www.caterinaquartana.it\/en\/product\/decorative-strip-in-linen-boucle-design-in-black-color-with-black-canete-border\/#breadcrumb","itemListElement":[{"@type":"ListItem","position":1,"name":"Home","item":"https:\/\/www.caterinaquartana.it\/en\/"},{"@type":"ListItem","position":2,"name":"Shop","item":"https:\/\/www.caterinaquartana.it\/en\/shop\/"},{"@type":"ListItem","position":3,"name":"Decorative Strip in Linen Boucl\u00e9 design in black color with black canet\u00e8 border"}]},{"@type":"WebSite","@id":"https:\/\/www.caterinaquartana.it\/en\/#website","url":"https:\/\/www.caterinaquartana.it\/en\/","name":"Caterina Quartana - Textile Designer","description":"Nell&#039;arredamento, nella moda e nell&#039;arte Caterina Quartana da vita a tessuti unici realizzati a mano tramite le pi\u00f9 antiche tecniche di tessitura lungo una trama ed un ordito che dona unicit\u00e0 e splendore alle sue creazioni.","publisher":{"@id":"https:\/\/www.caterinaquartana.it\/en\/#organization"},"potentialAction":[{"@type":"SearchAction","target":{"@type":"EntryPoint","urlTemplate":"https:\/\/www.caterinaquartana.it\/en\/?s={search_term_string}"},"query-input":{"@type":"PropertyValueSpecification","valueRequired":true,"valueName":"search_term_string"}}],"inLanguage":"en-US"},{"@type":"Organization","@id":"https:\/\/www.caterinaquartana.it\/en\/#organization","name":"Caterina Quartana - Textile Designer","url":"https:\/\/www.caterinaquartana.it\/en\/","logo":{"@type":"ImageObject","inLanguage":"en-US","@id":"https:\/\/www.caterinaquartana.it\/en\/#\/schema\/logo\/image\/","url":"https:\/\/www.caterinaquartana.it\/wp-content\/uploads\/2019\/05\/CQ-LOGO-copia.png","contentUrl":"https:\/\/www.caterinaquartana.it\/wp-content\/uploads\/2019\/05\/CQ-LOGO-copia.png","width":354,"height":236,"caption":"Caterina Quartana - Textile Designer"},"image":{"@id":"https:\/\/www.caterinaquartana.it\/en\/#\/schema\/logo\/image\/"},"sameAs":["http:\/\/facebook.com\/quartanacaterina","http:\/\/instagram.com\/caterinaquartana","https:\/\/www.youtube.com\/channel\/UCq0--0eoG6TKYdQ9VhyswIA"]}]},"product_brand":"variable","og_availability":"instock","product_availability":"instock","product_condition":"new"},"jetpack_sharing_enabled":true,"_links":{"self":[{"href":"https:\/\/www.caterinaquartana.it\/en\/wp-json\/wp\/v2\/product\/1403","targetHints":{"allow":["GET"]}}],"collection":[{"href":"https:\/\/www.caterinaquartana.it\/en\/wp-json\/wp\/v2\/product"}],"about":[{"href":"https:\/\/www.caterinaquartana.it\/en\/wp-json\/wp\/v2\/types\/product"}],"wp:featuredmedia":[{"embeddable":true,"href":"https:\/\/www.caterinaquartana.it\/en\/wp-json\/wp\/v2\/media\/14724"}],"wp:attachment":[{"href":"https:\/\/www.caterinaquartana.it\/en\/wp-json\/wp\/v2\/media?parent=1403"}],"wp:term":[{"taxonomy":"product_brand","embeddable":true,"href":"https:\/\/www.caterinaquartana.it\/en\/wp-json\/wp\/v2\/product_brand?post=1403"},{"taxonomy":"product_cat","embeddable":true,"href":"https:\/\/www.caterinaquartana.it\/en\/wp-json\/wp\/v2\/product_cat?post=1403"},{"taxonomy":"product_tag","embeddable":true,"href":"https:\/\/www.caterinaquartana.it\/en\/wp-json\/wp\/v2\/product_tag?post=1403"}],"curies":[{"name":"wp","href":"https:\/\/api.w.org\/{rel}","templated":true}]}}