{"id":14631,"date":"2022-03-19T11:03:47","date_gmt":"2022-03-19T10:03:47","guid":{"rendered":"https:\/\/www.caterinaquartana.it\/?post_type=product&#038;p=14631"},"modified":"2025-03-27T11:31:18","modified_gmt":"2025-03-27T10:31:18","slug":"sottopiatto-in-lino-disegno-boucle-color-ecru-e-biscotto","status":"publish","type":"product","link":"https:\/\/www.caterinaquartana.it\/en\/product\/sottopiatto-in-lino-disegno-boucle-color-ecru-e-biscotto\/","title":{"rendered":"Sottopiatto in Lino disegno Boucl\u00e8 color \u00e9cru e biscotto"},"content":{"rendered":"<p style=\"text-align: center;\"><strong>Sottopiatto in Lino disegno Boucl\u00e8 color \u00e9cru e biscotto<\/strong><\/p>\n<ul>\n<li style=\"font-weight: 400;\" aria-level=\"1\"><span style=\"font-weight: 400;\">Misura: <\/span><b>diametro 34 cm\u00a0<\/b><\/li>\n<li style=\"font-weight: 400;\" aria-level=\"1\"><span style=\"font-weight: 400;\">Tessuto: <\/span><b>20% lino e 80% cotone<\/b><\/li>\n<li style=\"font-weight: 400;\" aria-level=\"1\"><b><i>Prodotto fatto a mano Made in Italy<\/i><\/b><\/li>\n<\/ul>\n<p>&nbsp;<\/p>\n","protected":false},"excerpt":{"rendered":"<p><span style=\"font-weight: 400;\">Il sottopiatto in lino disegno Boucl\u00e9 \u00e8 funzionale e allo stesso tempo decorativo. \u00c8 double face perci\u00f2 si pu\u00f2 abbinare facilmente e pu\u00f2 essere utilizzato non solo come sottopiatto, ma anche come tovaglietta in altri ambienti della casa. Questo accessorio permette di dare un tocco di design ed unicit\u00e0 alle vostre tavole.<\/span><\/p>\n<p><span style=\"font-weight: 400;\">Prodotto realizzato a mano in Italia.<\/span><\/p>\n","protected":false},"featured_media":14615,"template":"","meta":[],"product_brand":[],"product_cat":[53,57],"product_tag":[246,200,227,247,230,226,216,225,228,229],"class_list":{"0":"post-14631","1":"product","2":"type-product","3":"status-publish","4":"has-post-thumbnail","6":"product_cat-kitchen","7":"product_cat-tablecloths","8":"product_tag-bordo-gross-grain-en","9":"product_tag-boucle-en","10":"product_tag-caterina-quartana-en","11":"product_tag-cotone-en","12":"product_tag-cucina-en","13":"product_tag-design-en","14":"product_tag-ecru-en","15":"product_tag-handmade-en","16":"product_tag-lino-en","17":"product_tag-tovaglietta-en","19":"first","20":"instock","21":"taxable","22":"shipping-taxable","23":"purchasable","24":"product-type-simple"},"yoast_head":"<!-- This site is optimized with the Yoast SEO Premium plugin v23.6 (Yoast SEO v26.9) - https:\/\/yoast.com\/product\/yoast-seo-premium-wordpress\/ -->\n<title>Sottopiatto in Lino disegno Boucl\u00e8 color \u00e9cru e biscotto | Caterina Quartana<\/title>\n<meta name=\"description\" content=\"Il sottopiatto in lino disegno Fris\u00e9e \u00e8 funzionale e allo stesso tempo decorativo. \u00c8 double face perci\u00f2 si pu\u00f2 abbinare facilmente\" \/>\n<meta name=\"robots\" content=\"index, follow, max-snippet:-1, max-image-preview:large, max-video-preview:-1\" \/>\n<link rel=\"canonical\" href=\"https:\/\/www.caterinaquartana.it\/en\/product\/sottopiatto-in-lino-disegno-boucle-color-ecru-e-biscotto\/\" \/>\n<meta property=\"og:locale\" content=\"en_US\" \/>\n<meta property=\"og:type\" content=\"article\" \/>\n<meta property=\"og:title\" content=\"Sottopiatto in Lino disegno Boucl\u00e8 color \u00e9cru e biscotto\" \/>\n<meta property=\"og:description\" content=\"Il sottopiatto in lino disegno Fris\u00e9e \u00e8 funzionale e allo stesso tempo decorativo. \u00c8 double face perci\u00f2 si pu\u00f2 abbinare facilmente\" \/>\n<meta property=\"og:url\" content=\"https:\/\/www.caterinaquartana.it\/en\/product\/sottopiatto-in-lino-disegno-boucle-color-ecru-e-biscotto\/\" \/>\n<meta property=\"og:site_name\" content=\"Caterina Quartana - Textile Designer\" \/>\n<meta property=\"article:publisher\" content=\"http:\/\/facebook.com\/quartanacaterina\" \/>\n<meta property=\"article:modified_time\" content=\"2025-03-27T10:31:18+00:00\" \/>\n<meta property=\"og:image\" content=\"https:\/\/www.caterinaquartana.it\/wp-content\/uploads\/2022\/03\/11-1.png\" \/>\n\t<meta property=\"og:image:width\" content=\"1080\" \/>\n\t<meta property=\"og:image:height\" content=\"1080\" \/>\n\t<meta property=\"og:image:type\" content=\"image\/png\" \/>\n<meta name=\"twitter:card\" content=\"summary_large_image\" \/>\n<meta name=\"twitter:label1\" content=\"Price\" \/>\n\t<meta name=\"twitter:data1\" content=\"38,00&euro;\" \/>\n\t<meta name=\"twitter:label2\" content=\"Availability\" \/>\n\t<meta name=\"twitter:data2\" content=\"In stock\" \/>\n<script type=\"application\/ld+json\" class=\"yoast-schema-graph\">{\"@context\":\"https:\/\/schema.org\",\"@graph\":[{\"@type\":\"WebPage\",\"@id\":\"https:\/\/www.caterinaquartana.it\/en\/product\/sottopiatto-in-lino-disegno-boucle-color-ecru-e-biscotto\/\",\"url\":\"https:\/\/www.caterinaquartana.it\/en\/product\/sottopiatto-in-lino-disegno-boucle-color-ecru-e-biscotto\/\",\"name\":\"Sottopiatto in Lino disegno Boucl\u00e8 color \u00e9cru e biscotto | Caterina Quartana\",\"isPartOf\":{\"@id\":\"https:\/\/www.caterinaquartana.it\/en\/#website\"},\"primaryImageOfPage\":{\"@id\":\"https:\/\/www.caterinaquartana.it\/en\/product\/sottopiatto-in-lino-disegno-boucle-color-ecru-e-biscotto\/#primaryimage\"},\"image\":{\"@id\":\"https:\/\/www.caterinaquartana.it\/en\/product\/sottopiatto-in-lino-disegno-boucle-color-ecru-e-biscotto\/#primaryimage\"},\"thumbnailUrl\":\"https:\/\/www.caterinaquartana.it\/wp-content\/uploads\/2022\/03\/11-1.png\",\"datePublished\":\"2022-03-19T10:03:47+00:00\",\"dateModified\":\"2025-03-27T10:31:18+00:00\",\"description\":\"Il sottopiatto in lino disegno Fris\u00e9e \u00e8 funzionale e allo stesso tempo decorativo. \u00c8 double face perci\u00f2 si pu\u00f2 abbinare facilmente\",\"breadcrumb\":{\"@id\":\"https:\/\/www.caterinaquartana.it\/en\/product\/sottopiatto-in-lino-disegno-boucle-color-ecru-e-biscotto\/#breadcrumb\"},\"inLanguage\":\"en-US\",\"potentialAction\":[{\"@type\":\"ReadAction\",\"target\":[\"https:\/\/www.caterinaquartana.it\/en\/product\/sottopiatto-in-lino-disegno-boucle-color-ecru-e-biscotto\/\"]}]},{\"@type\":\"ImageObject\",\"inLanguage\":\"en-US\",\"@id\":\"https:\/\/www.caterinaquartana.it\/en\/product\/sottopiatto-in-lino-disegno-boucle-color-ecru-e-biscotto\/#primaryimage\",\"url\":\"https:\/\/www.caterinaquartana.it\/wp-content\/uploads\/2022\/03\/11-1.png\",\"contentUrl\":\"https:\/\/www.caterinaquartana.it\/wp-content\/uploads\/2022\/03\/11-1.png\",\"width\":1080,\"height\":1080},{\"@type\":\"BreadcrumbList\",\"@id\":\"https:\/\/www.caterinaquartana.it\/en\/product\/sottopiatto-in-lino-disegno-boucle-color-ecru-e-biscotto\/#breadcrumb\",\"itemListElement\":[{\"@type\":\"ListItem\",\"position\":1,\"name\":\"Home\",\"item\":\"https:\/\/www.caterinaquartana.it\/en\/\"},{\"@type\":\"ListItem\",\"position\":2,\"name\":\"Shop\",\"item\":\"https:\/\/www.caterinaquartana.it\/en\/shop\/\"},{\"@type\":\"ListItem\",\"position\":3,\"name\":\"Sottopiatto in Lino disegno Boucl\u00e8 color \u00e9cru e biscotto\"}]},{\"@type\":\"WebSite\",\"@id\":\"https:\/\/www.caterinaquartana.it\/en\/#website\",\"url\":\"https:\/\/www.caterinaquartana.it\/en\/\",\"name\":\"Caterina Quartana - Textile Designer\",\"description\":\"Nell&#039;arredamento, nella moda e nell&#039;arte Caterina Quartana da vita a tessuti unici realizzati a mano tramite le pi\u00f9 antiche tecniche di tessitura lungo una trama ed un ordito che dona unicit\u00e0 e splendore alle sue creazioni.\",\"publisher\":{\"@id\":\"https:\/\/www.caterinaquartana.it\/en\/#organization\"},\"potentialAction\":[{\"@type\":\"SearchAction\",\"target\":{\"@type\":\"EntryPoint\",\"urlTemplate\":\"https:\/\/www.caterinaquartana.it\/en\/?s={search_term_string}\"},\"query-input\":{\"@type\":\"PropertyValueSpecification\",\"valueRequired\":true,\"valueName\":\"search_term_string\"}}],\"inLanguage\":\"en-US\"},{\"@type\":\"Organization\",\"@id\":\"https:\/\/www.caterinaquartana.it\/en\/#organization\",\"name\":\"Caterina Quartana - Textile Designer\",\"url\":\"https:\/\/www.caterinaquartana.it\/en\/\",\"logo\":{\"@type\":\"ImageObject\",\"inLanguage\":\"en-US\",\"@id\":\"https:\/\/www.caterinaquartana.it\/en\/#\/schema\/logo\/image\/\",\"url\":\"https:\/\/www.caterinaquartana.it\/wp-content\/uploads\/2019\/05\/CQ-LOGO-copia.png\",\"contentUrl\":\"https:\/\/www.caterinaquartana.it\/wp-content\/uploads\/2019\/05\/CQ-LOGO-copia.png\",\"width\":354,\"height\":236,\"caption\":\"Caterina Quartana - Textile Designer\"},\"image\":{\"@id\":\"https:\/\/www.caterinaquartana.it\/en\/#\/schema\/logo\/image\/\"},\"sameAs\":[\"http:\/\/facebook.com\/quartanacaterina\",\"http:\/\/instagram.com\/caterinaquartana\",\"https:\/\/www.youtube.com\/channel\/UCq0--0eoG6TKYdQ9VhyswIA\"]}]}<\/script>\n<meta property=\"product:brand\" content=\"simple\" \/>\n<meta property=\"product:price:amount\" content=\"38.00\" \/>\n<meta property=\"product:price:currency\" content=\"EUR\" \/>\n<meta property=\"og:availability\" content=\"instock\" \/>\n<meta property=\"product:availability\" content=\"instock\" \/>\n<meta property=\"product:condition\" content=\"new\" \/>\n<!-- \/ Yoast SEO Premium plugin. -->","yoast_head_json":{"title":"Sottopiatto in Lino disegno Boucl\u00e8 color \u00e9cru e biscotto | Caterina Quartana","description":"Il sottopiatto in lino disegno Fris\u00e9e \u00e8 funzionale e allo stesso tempo decorativo. \u00c8 double face perci\u00f2 si pu\u00f2 abbinare facilmente","robots":{"index":"index","follow":"follow","max-snippet":"max-snippet:-1","max-image-preview":"max-image-preview:large","max-video-preview":"max-video-preview:-1"},"canonical":"https:\/\/www.caterinaquartana.it\/en\/product\/sottopiatto-in-lino-disegno-boucle-color-ecru-e-biscotto\/","og_locale":"en_US","og_type":"article","og_title":"Sottopiatto in Lino disegno Boucl\u00e8 color \u00e9cru e biscotto","og_description":"Il sottopiatto in lino disegno Fris\u00e9e \u00e8 funzionale e allo stesso tempo decorativo. \u00c8 double face perci\u00f2 si pu\u00f2 abbinare facilmente","og_url":"https:\/\/www.caterinaquartana.it\/en\/product\/sottopiatto-in-lino-disegno-boucle-color-ecru-e-biscotto\/","og_site_name":"Caterina Quartana - Textile Designer","article_publisher":"http:\/\/facebook.com\/quartanacaterina","article_modified_time":"2025-03-27T10:31:18+00:00","og_image":[{"width":1080,"height":1080,"url":"https:\/\/www.caterinaquartana.it\/wp-content\/uploads\/2022\/03\/11-1.png","type":"image\/png"}],"twitter_card":"summary_large_image","twitter_misc":{"Price":"38,00&euro;","Availability":"In stock"},"schema":{"@context":"https:\/\/schema.org","@graph":[{"@type":"WebPage","@id":"https:\/\/www.caterinaquartana.it\/en\/product\/sottopiatto-in-lino-disegno-boucle-color-ecru-e-biscotto\/","url":"https:\/\/www.caterinaquartana.it\/en\/product\/sottopiatto-in-lino-disegno-boucle-color-ecru-e-biscotto\/","name":"Sottopiatto in Lino disegno Boucl\u00e8 color \u00e9cru e biscotto | Caterina Quartana","isPartOf":{"@id":"https:\/\/www.caterinaquartana.it\/en\/#website"},"primaryImageOfPage":{"@id":"https:\/\/www.caterinaquartana.it\/en\/product\/sottopiatto-in-lino-disegno-boucle-color-ecru-e-biscotto\/#primaryimage"},"image":{"@id":"https:\/\/www.caterinaquartana.it\/en\/product\/sottopiatto-in-lino-disegno-boucle-color-ecru-e-biscotto\/#primaryimage"},"thumbnailUrl":"https:\/\/www.caterinaquartana.it\/wp-content\/uploads\/2022\/03\/11-1.png","datePublished":"2022-03-19T10:03:47+00:00","dateModified":"2025-03-27T10:31:18+00:00","description":"Il sottopiatto in lino disegno Fris\u00e9e \u00e8 funzionale e allo stesso tempo decorativo. \u00c8 double face perci\u00f2 si pu\u00f2 abbinare facilmente","breadcrumb":{"@id":"https:\/\/www.caterinaquartana.it\/en\/product\/sottopiatto-in-lino-disegno-boucle-color-ecru-e-biscotto\/#breadcrumb"},"inLanguage":"en-US","potentialAction":[{"@type":"ReadAction","target":["https:\/\/www.caterinaquartana.it\/en\/product\/sottopiatto-in-lino-disegno-boucle-color-ecru-e-biscotto\/"]}]},{"@type":"ImageObject","inLanguage":"en-US","@id":"https:\/\/www.caterinaquartana.it\/en\/product\/sottopiatto-in-lino-disegno-boucle-color-ecru-e-biscotto\/#primaryimage","url":"https:\/\/www.caterinaquartana.it\/wp-content\/uploads\/2022\/03\/11-1.png","contentUrl":"https:\/\/www.caterinaquartana.it\/wp-content\/uploads\/2022\/03\/11-1.png","width":1080,"height":1080},{"@type":"BreadcrumbList","@id":"https:\/\/www.caterinaquartana.it\/en\/product\/sottopiatto-in-lino-disegno-boucle-color-ecru-e-biscotto\/#breadcrumb","itemListElement":[{"@type":"ListItem","position":1,"name":"Home","item":"https:\/\/www.caterinaquartana.it\/en\/"},{"@type":"ListItem","position":2,"name":"Shop","item":"https:\/\/www.caterinaquartana.it\/en\/shop\/"},{"@type":"ListItem","position":3,"name":"Sottopiatto in Lino disegno Boucl\u00e8 color \u00e9cru e biscotto"}]},{"@type":"WebSite","@id":"https:\/\/www.caterinaquartana.it\/en\/#website","url":"https:\/\/www.caterinaquartana.it\/en\/","name":"Caterina Quartana - Textile Designer","description":"Nell&#039;arredamento, nella moda e nell&#039;arte Caterina Quartana da vita a tessuti unici realizzati a mano tramite le pi\u00f9 antiche tecniche di tessitura lungo una trama ed un ordito che dona unicit\u00e0 e splendore alle sue creazioni.","publisher":{"@id":"https:\/\/www.caterinaquartana.it\/en\/#organization"},"potentialAction":[{"@type":"SearchAction","target":{"@type":"EntryPoint","urlTemplate":"https:\/\/www.caterinaquartana.it\/en\/?s={search_term_string}"},"query-input":{"@type":"PropertyValueSpecification","valueRequired":true,"valueName":"search_term_string"}}],"inLanguage":"en-US"},{"@type":"Organization","@id":"https:\/\/www.caterinaquartana.it\/en\/#organization","name":"Caterina Quartana - Textile Designer","url":"https:\/\/www.caterinaquartana.it\/en\/","logo":{"@type":"ImageObject","inLanguage":"en-US","@id":"https:\/\/www.caterinaquartana.it\/en\/#\/schema\/logo\/image\/","url":"https:\/\/www.caterinaquartana.it\/wp-content\/uploads\/2019\/05\/CQ-LOGO-copia.png","contentUrl":"https:\/\/www.caterinaquartana.it\/wp-content\/uploads\/2019\/05\/CQ-LOGO-copia.png","width":354,"height":236,"caption":"Caterina Quartana - Textile Designer"},"image":{"@id":"https:\/\/www.caterinaquartana.it\/en\/#\/schema\/logo\/image\/"},"sameAs":["http:\/\/facebook.com\/quartanacaterina","http:\/\/instagram.com\/caterinaquartana","https:\/\/www.youtube.com\/channel\/UCq0--0eoG6TKYdQ9VhyswIA"]}]},"product_brand":"simple","product_price_amount":"38.00","product_price_currency":"EUR","og_availability":"instock","product_availability":"instock","product_condition":"new"},"jetpack_sharing_enabled":true,"_links":{"self":[{"href":"https:\/\/www.caterinaquartana.it\/en\/wp-json\/wp\/v2\/product\/14631","targetHints":{"allow":["GET"]}}],"collection":[{"href":"https:\/\/www.caterinaquartana.it\/en\/wp-json\/wp\/v2\/product"}],"about":[{"href":"https:\/\/www.caterinaquartana.it\/en\/wp-json\/wp\/v2\/types\/product"}],"wp:featuredmedia":[{"embeddable":true,"href":"https:\/\/www.caterinaquartana.it\/en\/wp-json\/wp\/v2\/media\/14615"}],"wp:attachment":[{"href":"https:\/\/www.caterinaquartana.it\/en\/wp-json\/wp\/v2\/media?parent=14631"}],"wp:term":[{"taxonomy":"product_brand","embeddable":true,"href":"https:\/\/www.caterinaquartana.it\/en\/wp-json\/wp\/v2\/product_brand?post=14631"},{"taxonomy":"product_cat","embeddable":true,"href":"https:\/\/www.caterinaquartana.it\/en\/wp-json\/wp\/v2\/product_cat?post=14631"},{"taxonomy":"product_tag","embeddable":true,"href":"https:\/\/www.caterinaquartana.it\/en\/wp-json\/wp\/v2\/product_tag?post=14631"}],"curies":[{"name":"wp","href":"https:\/\/api.w.org\/{rel}","templated":true}]}}