{"id":14654,"date":"2022-03-19T12:12:09","date_gmt":"2022-03-19T11:12:10","guid":{"rendered":"https:\/\/www.caterinaquartana.it\/?post_type=product&#038;p=14654"},"modified":"2022-03-19T16:58:48","modified_gmt":"2022-03-19T15:58:48","slug":"decorative-strip-in-black-linen-fabric-with-bordeaux-border-copia-copia-copia-2","status":"publish","type":"product","link":"https:\/\/www.caterinaquartana.it\/en\/product\/decorative-strip-in-black-linen-fabric-with-bordeaux-border-copia-copia-copia-2\/","title":{"rendered":"Decorative Strip in Linen Boucl\u00e8 design in biscuit color, with cream color canet\u00e8 border"},"content":{"rendered":"<div class=\"page\" title=\"Page 1\">\n<div class=\"section\">\n<div class=\"layoutArea\">\n<div class=\"column\">\n<div class=\"page\" title=\"Page 1\">\n<div class=\"section\">\n<div class=\"layoutArea\">\n<div class=\"column\">\n<div class=\"page\" title=\"Page 1\">\n<div class=\"section\">\n<div class=\"layoutArea\">\n<div class=\"column\">\n<p style=\"text-align: center;\"><strong>Decorative Strip in Linen Boucl\u00e8 design in biscuit color, with cream color canet\u00e8 border<\/strong><\/p>\n<\/div>\n<\/div>\n<\/div>\n<\/div>\n<\/div>\n<\/div>\n<\/div>\n<\/div>\n<\/div>\n<\/div>\n<\/div>\n<\/div>\n<ul>\n<li>Size: <strong>45 x 140 cm | 65 x 220 cm <\/strong><\/li>\n<li><strong>Fabric:<\/strong> 20% linen and 80% cotton<\/li>\n<li><em><strong>Handmade product Made in Italy<\/strong><\/em><\/li>\n<\/ul>\n<p>&nbsp;<\/p>\n","protected":false},"excerpt":{"rendered":"<p>Functional and decorative, the strip in CQ fabric with boucl\u00e9 design, its double face allows easy combination, used for the table, for the bed and more, this accessory allows to give a touch of design and uniqueness.<br \/>\nHandmade product Made in Italy<\/p>\n","protected":false},"featured_media":14698,"template":"","meta":[],"product_brand":[],"product_cat":[64,66],"product_tag":[],"class_list":{"0":"post-14654","1":"product","2":"type-product","3":"status-publish","4":"has-post-thumbnail","6":"product_cat-living-en","7":"product_cat-runners","9":"first","10":"instock","11":"taxable","12":"shipping-taxable","13":"purchasable","14":"product-type-variable"},"yoast_head":"<!-- This site is optimized with the Yoast SEO Premium plugin v23.6 (Yoast SEO v26.9) - https:\/\/yoast.com\/product\/yoast-seo-premium-wordpress\/ -->\n<title>Decorative Strip in Black Linen Fabric with Bordeaux border | Caterina Quartana<\/title>\n<meta name=\"description\" content=\"Functional and decorative, the strip in CQ fabric with boucl\u00e9 design, its double face makes it easy to match\" \/>\n<meta name=\"robots\" content=\"index, follow, max-snippet:-1, max-image-preview:large, max-video-preview:-1\" \/>\n<link rel=\"canonical\" href=\"https:\/\/www.caterinaquartana.it\/en\/product\/decorative-strip-in-black-linen-fabric-with-bordeaux-border-copia-copia-copia-2\/\" \/>\n<meta property=\"og:locale\" content=\"en_US\" \/>\n<meta property=\"og:type\" content=\"article\" \/>\n<meta property=\"og:title\" content=\"Decorative Strip in Linen Boucl\u00e8 design in biscuit color, with cream color canet\u00e8 border\" \/>\n<meta property=\"og:description\" content=\"Functional and decorative, the strip in CQ fabric with boucl\u00e9 design, its double face makes it easy to match\" \/>\n<meta property=\"og:url\" content=\"https:\/\/www.caterinaquartana.it\/en\/product\/decorative-strip-in-black-linen-fabric-with-bordeaux-border-copia-copia-copia-2\/\" \/>\n<meta property=\"og:site_name\" content=\"Caterina Quartana - Textile Designer\" \/>\n<meta property=\"article:publisher\" content=\"http:\/\/facebook.com\/quartanacaterina\" \/>\n<meta property=\"article:modified_time\" content=\"2022-03-19T15:58:48+00:00\" \/>\n<meta property=\"og:image\" content=\"https:\/\/www.caterinaquartana.it\/wp-content\/uploads\/2022\/03\/6-2.png\" \/>\n\t<meta property=\"og:image:width\" content=\"1080\" \/>\n\t<meta property=\"og:image:height\" content=\"1080\" \/>\n\t<meta property=\"og:image:type\" content=\"image\/png\" \/>\n<meta name=\"twitter:card\" content=\"summary_large_image\" \/>\n<meta name=\"twitter:label1\" content=\"Availability\" \/>\n\t<meta name=\"twitter:data1\" content=\"In stock\" \/>\n<script type=\"application\/ld+json\" class=\"yoast-schema-graph\">{\"@context\":\"https:\/\/schema.org\",\"@graph\":[{\"@type\":\"WebPage\",\"@id\":\"https:\/\/www.caterinaquartana.it\/en\/product\/decorative-strip-in-black-linen-fabric-with-bordeaux-border-copia-copia-copia-2\/\",\"url\":\"https:\/\/www.caterinaquartana.it\/en\/product\/decorative-strip-in-black-linen-fabric-with-bordeaux-border-copia-copia-copia-2\/\",\"name\":\"Decorative Strip in Black Linen Fabric with Bordeaux border | Caterina Quartana\",\"isPartOf\":{\"@id\":\"https:\/\/www.caterinaquartana.it\/en\/#website\"},\"primaryImageOfPage\":{\"@id\":\"https:\/\/www.caterinaquartana.it\/en\/product\/decorative-strip-in-black-linen-fabric-with-bordeaux-border-copia-copia-copia-2\/#primaryimage\"},\"image\":{\"@id\":\"https:\/\/www.caterinaquartana.it\/en\/product\/decorative-strip-in-black-linen-fabric-with-bordeaux-border-copia-copia-copia-2\/#primaryimage\"},\"thumbnailUrl\":\"https:\/\/www.caterinaquartana.it\/wp-content\/uploads\/2022\/03\/6-2.png\",\"datePublished\":\"2022-03-19T11:12:10+00:00\",\"dateModified\":\"2022-03-19T15:58:48+00:00\",\"description\":\"Functional and decorative, the strip in CQ fabric with boucl\u00e9 design, its double face makes it easy to match\",\"breadcrumb\":{\"@id\":\"https:\/\/www.caterinaquartana.it\/en\/product\/decorative-strip-in-black-linen-fabric-with-bordeaux-border-copia-copia-copia-2\/#breadcrumb\"},\"inLanguage\":\"en-US\",\"potentialAction\":[{\"@type\":\"ReadAction\",\"target\":[\"https:\/\/www.caterinaquartana.it\/en\/product\/decorative-strip-in-black-linen-fabric-with-bordeaux-border-copia-copia-copia-2\/\"]}]},{\"@type\":\"ImageObject\",\"inLanguage\":\"en-US\",\"@id\":\"https:\/\/www.caterinaquartana.it\/en\/product\/decorative-strip-in-black-linen-fabric-with-bordeaux-border-copia-copia-copia-2\/#primaryimage\",\"url\":\"https:\/\/www.caterinaquartana.it\/wp-content\/uploads\/2022\/03\/6-2.png\",\"contentUrl\":\"https:\/\/www.caterinaquartana.it\/wp-content\/uploads\/2022\/03\/6-2.png\",\"width\":1080,\"height\":1080},{\"@type\":\"BreadcrumbList\",\"@id\":\"https:\/\/www.caterinaquartana.it\/en\/product\/decorative-strip-in-black-linen-fabric-with-bordeaux-border-copia-copia-copia-2\/#breadcrumb\",\"itemListElement\":[{\"@type\":\"ListItem\",\"position\":1,\"name\":\"Home\",\"item\":\"https:\/\/www.caterinaquartana.it\/en\/\"},{\"@type\":\"ListItem\",\"position\":2,\"name\":\"Shop\",\"item\":\"https:\/\/www.caterinaquartana.it\/en\/shop\/\"},{\"@type\":\"ListItem\",\"position\":3,\"name\":\"Decorative Strip in Linen Boucl\u00e8 design in biscuit color, with cream color canet\u00e8 border\"}]},{\"@type\":\"WebSite\",\"@id\":\"https:\/\/www.caterinaquartana.it\/en\/#website\",\"url\":\"https:\/\/www.caterinaquartana.it\/en\/\",\"name\":\"Caterina Quartana - Textile Designer\",\"description\":\"Nell&#039;arredamento, nella moda e nell&#039;arte Caterina Quartana da vita a tessuti unici realizzati a mano tramite le pi\u00f9 antiche tecniche di tessitura lungo una trama ed un ordito che dona unicit\u00e0 e splendore alle sue creazioni.\",\"publisher\":{\"@id\":\"https:\/\/www.caterinaquartana.it\/en\/#organization\"},\"potentialAction\":[{\"@type\":\"SearchAction\",\"target\":{\"@type\":\"EntryPoint\",\"urlTemplate\":\"https:\/\/www.caterinaquartana.it\/en\/?s={search_term_string}\"},\"query-input\":{\"@type\":\"PropertyValueSpecification\",\"valueRequired\":true,\"valueName\":\"search_term_string\"}}],\"inLanguage\":\"en-US\"},{\"@type\":\"Organization\",\"@id\":\"https:\/\/www.caterinaquartana.it\/en\/#organization\",\"name\":\"Caterina Quartana - Textile Designer\",\"url\":\"https:\/\/www.caterinaquartana.it\/en\/\",\"logo\":{\"@type\":\"ImageObject\",\"inLanguage\":\"en-US\",\"@id\":\"https:\/\/www.caterinaquartana.it\/en\/#\/schema\/logo\/image\/\",\"url\":\"https:\/\/www.caterinaquartana.it\/wp-content\/uploads\/2019\/05\/CQ-LOGO-copia.png\",\"contentUrl\":\"https:\/\/www.caterinaquartana.it\/wp-content\/uploads\/2019\/05\/CQ-LOGO-copia.png\",\"width\":354,\"height\":236,\"caption\":\"Caterina Quartana - Textile Designer\"},\"image\":{\"@id\":\"https:\/\/www.caterinaquartana.it\/en\/#\/schema\/logo\/image\/\"},\"sameAs\":[\"http:\/\/facebook.com\/quartanacaterina\",\"http:\/\/instagram.com\/caterinaquartana\",\"https:\/\/www.youtube.com\/channel\/UCq0--0eoG6TKYdQ9VhyswIA\"]}]}<\/script>\n<meta property=\"product:brand\" content=\"variable\" \/>\n<meta property=\"og:availability\" content=\"instock\" \/>\n<meta property=\"product:availability\" content=\"instock\" \/>\n<meta property=\"product:condition\" content=\"new\" \/>\n<!-- \/ Yoast SEO Premium plugin. -->","yoast_head_json":{"title":"Decorative Strip in Black Linen Fabric with Bordeaux border | Caterina Quartana","description":"Functional and decorative, the strip in CQ fabric with boucl\u00e9 design, its double face makes it easy to match","robots":{"index":"index","follow":"follow","max-snippet":"max-snippet:-1","max-image-preview":"max-image-preview:large","max-video-preview":"max-video-preview:-1"},"canonical":"https:\/\/www.caterinaquartana.it\/en\/product\/decorative-strip-in-black-linen-fabric-with-bordeaux-border-copia-copia-copia-2\/","og_locale":"en_US","og_type":"article","og_title":"Decorative Strip in Linen Boucl\u00e8 design in biscuit color, with cream color canet\u00e8 border","og_description":"Functional and decorative, the strip in CQ fabric with boucl\u00e9 design, its double face makes it easy to match","og_url":"https:\/\/www.caterinaquartana.it\/en\/product\/decorative-strip-in-black-linen-fabric-with-bordeaux-border-copia-copia-copia-2\/","og_site_name":"Caterina Quartana - Textile Designer","article_publisher":"http:\/\/facebook.com\/quartanacaterina","article_modified_time":"2022-03-19T15:58:48+00:00","og_image":[{"width":1080,"height":1080,"url":"https:\/\/www.caterinaquartana.it\/wp-content\/uploads\/2022\/03\/6-2.png","type":"image\/png"}],"twitter_card":"summary_large_image","twitter_misc":{"Availability":"In stock"},"schema":{"@context":"https:\/\/schema.org","@graph":[{"@type":"WebPage","@id":"https:\/\/www.caterinaquartana.it\/en\/product\/decorative-strip-in-black-linen-fabric-with-bordeaux-border-copia-copia-copia-2\/","url":"https:\/\/www.caterinaquartana.it\/en\/product\/decorative-strip-in-black-linen-fabric-with-bordeaux-border-copia-copia-copia-2\/","name":"Decorative Strip in Black Linen Fabric with Bordeaux border | Caterina Quartana","isPartOf":{"@id":"https:\/\/www.caterinaquartana.it\/en\/#website"},"primaryImageOfPage":{"@id":"https:\/\/www.caterinaquartana.it\/en\/product\/decorative-strip-in-black-linen-fabric-with-bordeaux-border-copia-copia-copia-2\/#primaryimage"},"image":{"@id":"https:\/\/www.caterinaquartana.it\/en\/product\/decorative-strip-in-black-linen-fabric-with-bordeaux-border-copia-copia-copia-2\/#primaryimage"},"thumbnailUrl":"https:\/\/www.caterinaquartana.it\/wp-content\/uploads\/2022\/03\/6-2.png","datePublished":"2022-03-19T11:12:10+00:00","dateModified":"2022-03-19T15:58:48+00:00","description":"Functional and decorative, the strip in CQ fabric with boucl\u00e9 design, its double face makes it easy to match","breadcrumb":{"@id":"https:\/\/www.caterinaquartana.it\/en\/product\/decorative-strip-in-black-linen-fabric-with-bordeaux-border-copia-copia-copia-2\/#breadcrumb"},"inLanguage":"en-US","potentialAction":[{"@type":"ReadAction","target":["https:\/\/www.caterinaquartana.it\/en\/product\/decorative-strip-in-black-linen-fabric-with-bordeaux-border-copia-copia-copia-2\/"]}]},{"@type":"ImageObject","inLanguage":"en-US","@id":"https:\/\/www.caterinaquartana.it\/en\/product\/decorative-strip-in-black-linen-fabric-with-bordeaux-border-copia-copia-copia-2\/#primaryimage","url":"https:\/\/www.caterinaquartana.it\/wp-content\/uploads\/2022\/03\/6-2.png","contentUrl":"https:\/\/www.caterinaquartana.it\/wp-content\/uploads\/2022\/03\/6-2.png","width":1080,"height":1080},{"@type":"BreadcrumbList","@id":"https:\/\/www.caterinaquartana.it\/en\/product\/decorative-strip-in-black-linen-fabric-with-bordeaux-border-copia-copia-copia-2\/#breadcrumb","itemListElement":[{"@type":"ListItem","position":1,"name":"Home","item":"https:\/\/www.caterinaquartana.it\/en\/"},{"@type":"ListItem","position":2,"name":"Shop","item":"https:\/\/www.caterinaquartana.it\/en\/shop\/"},{"@type":"ListItem","position":3,"name":"Decorative Strip in Linen Boucl\u00e8 design in biscuit color, with cream color canet\u00e8 border"}]},{"@type":"WebSite","@id":"https:\/\/www.caterinaquartana.it\/en\/#website","url":"https:\/\/www.caterinaquartana.it\/en\/","name":"Caterina Quartana - Textile Designer","description":"Nell&#039;arredamento, nella moda e nell&#039;arte Caterina Quartana da vita a tessuti unici realizzati a mano tramite le pi\u00f9 antiche tecniche di tessitura lungo una trama ed un ordito che dona unicit\u00e0 e splendore alle sue creazioni.","publisher":{"@id":"https:\/\/www.caterinaquartana.it\/en\/#organization"},"potentialAction":[{"@type":"SearchAction","target":{"@type":"EntryPoint","urlTemplate":"https:\/\/www.caterinaquartana.it\/en\/?s={search_term_string}"},"query-input":{"@type":"PropertyValueSpecification","valueRequired":true,"valueName":"search_term_string"}}],"inLanguage":"en-US"},{"@type":"Organization","@id":"https:\/\/www.caterinaquartana.it\/en\/#organization","name":"Caterina Quartana - Textile Designer","url":"https:\/\/www.caterinaquartana.it\/en\/","logo":{"@type":"ImageObject","inLanguage":"en-US","@id":"https:\/\/www.caterinaquartana.it\/en\/#\/schema\/logo\/image\/","url":"https:\/\/www.caterinaquartana.it\/wp-content\/uploads\/2019\/05\/CQ-LOGO-copia.png","contentUrl":"https:\/\/www.caterinaquartana.it\/wp-content\/uploads\/2019\/05\/CQ-LOGO-copia.png","width":354,"height":236,"caption":"Caterina Quartana - Textile Designer"},"image":{"@id":"https:\/\/www.caterinaquartana.it\/en\/#\/schema\/logo\/image\/"},"sameAs":["http:\/\/facebook.com\/quartanacaterina","http:\/\/instagram.com\/caterinaquartana","https:\/\/www.youtube.com\/channel\/UCq0--0eoG6TKYdQ9VhyswIA"]}]},"product_brand":"variable","og_availability":"instock","product_availability":"instock","product_condition":"new"},"jetpack_sharing_enabled":true,"_links":{"self":[{"href":"https:\/\/www.caterinaquartana.it\/en\/wp-json\/wp\/v2\/product\/14654","targetHints":{"allow":["GET"]}}],"collection":[{"href":"https:\/\/www.caterinaquartana.it\/en\/wp-json\/wp\/v2\/product"}],"about":[{"href":"https:\/\/www.caterinaquartana.it\/en\/wp-json\/wp\/v2\/types\/product"}],"wp:featuredmedia":[{"embeddable":true,"href":"https:\/\/www.caterinaquartana.it\/en\/wp-json\/wp\/v2\/media\/14698"}],"wp:attachment":[{"href":"https:\/\/www.caterinaquartana.it\/en\/wp-json\/wp\/v2\/media?parent=14654"}],"wp:term":[{"taxonomy":"product_brand","embeddable":true,"href":"https:\/\/www.caterinaquartana.it\/en\/wp-json\/wp\/v2\/product_brand?post=14654"},{"taxonomy":"product_cat","embeddable":true,"href":"https:\/\/www.caterinaquartana.it\/en\/wp-json\/wp\/v2\/product_cat?post=14654"},{"taxonomy":"product_tag","embeddable":true,"href":"https:\/\/www.caterinaquartana.it\/en\/wp-json\/wp\/v2\/product_tag?post=14654"}],"curies":[{"name":"wp","href":"https:\/\/api.w.org\/{rel}","templated":true}]}}