{"id":8588,"date":"2020-07-03T17:13:47","date_gmt":"2020-07-03T15:13:47","guid":{"rendered":"https:\/\/www.caterinaquartana.it\/?post_type=product&#038;p=8588"},"modified":"2022-03-20T16:21:27","modified_gmt":"2022-03-20T15:21:27","slug":"pouf-in-linen-with-black-and-ecru-lozenges-design-forest-green-velvet-ribbon","status":"publish","type":"product","link":"https:\/\/www.caterinaquartana.it\/en\/product\/pouf-in-linen-with-black-and-ecru-lozenges-design-forest-green-velvet-ribbon\/","title":{"rendered":"Pouf in linen with black and ecru lozenges design, forest green velvet ribbon"},"content":{"rendered":"<p>Pouf in linen with black and ecru lozenges design, forest green velvet ribbon<\/p>\n<p>Size: 45 x 50 cm | 80 x 75 cm | 90 x 80 cm<br \/>\nFabric: 50% cotton and 50% linen<br \/>\nDry wash<br \/>\nInternally, a second lining contains the virgin polystyrene beads<br \/>\nHandmade product Made in Italy<\/p>\n","protected":false},"excerpt":{"rendered":"<p>The pouf or bean bag, a historic piece of furniture born in 1968, is reinterpreted in a modern key. Its outer lining is made with natural fabrics, joined following a precise pattern and related to any cushions or furnishing accessories.<\/p>\n<p>The pouf gives a sense of comfort, supporting your body without letting it sink<\/p>\n<p>Handmade product in Italy.<\/p>\n","protected":false},"featured_media":14543,"template":"","meta":[],"product_brand":[],"product_cat":[64,218],"product_tag":[200,219,220,203],"class_list":{"0":"post-8588","1":"product","2":"type-product","3":"status-publish","4":"has-post-thumbnail","6":"product_cat-living-en","7":"product_cat-pouf-en","8":"product_tag-boucle-en","9":"product_tag-living-room-en","10":"product_tag-pouf-en","11":"product_tag-velluto-en","12":"product_shipping_class-xl-en","14":"first","15":"instock","16":"taxable","17":"shipping-taxable","18":"purchasable","19":"product-type-variable"},"yoast_head":"<!-- This site is optimized with the Yoast SEO Premium plugin v23.6 (Yoast SEO v26.9) - https:\/\/yoast.com\/product\/yoast-seo-premium-wordpress\/ -->\n<title>Pouf Nero Ecr\u00f9 e Verde Bosco Caterina Quartana Textile Designer<\/title>\n<meta name=\"description\" content=\"La sua fodera esterna \u00e8 realizzata con tessuti naturali, conferisce un senso di sofficit\u00e0 pur sostenendo il vostro corpo senza farlo sprofondare.\" \/>\n<meta name=\"robots\" content=\"index, follow, max-snippet:-1, max-image-preview:large, max-video-preview:-1\" \/>\n<link rel=\"canonical\" href=\"https:\/\/www.caterinaquartana.it\/en\/product\/pouf-in-linen-with-black-and-ecru-lozenges-design-forest-green-velvet-ribbon\/\" \/>\n<meta property=\"og:locale\" content=\"en_US\" \/>\n<meta property=\"og:type\" content=\"article\" \/>\n<meta property=\"og:title\" content=\"Pouf in linen with black and ecru lozenges design, forest green velvet ribbon\" \/>\n<meta property=\"og:description\" content=\"La sua fodera esterna \u00e8 realizzata con tessuti naturali, conferisce un senso di sofficit\u00e0 pur sostenendo il vostro corpo senza farlo sprofondare.\" \/>\n<meta property=\"og:url\" content=\"https:\/\/www.caterinaquartana.it\/en\/product\/pouf-in-linen-with-black-and-ecru-lozenges-design-forest-green-velvet-ribbon\/\" \/>\n<meta property=\"og:site_name\" content=\"Caterina Quartana - Textile Designer\" \/>\n<meta property=\"article:publisher\" content=\"http:\/\/facebook.com\/quartanacaterina\" \/>\n<meta property=\"article:modified_time\" content=\"2022-03-20T15:21:27+00:00\" \/>\n<meta property=\"og:image\" content=\"https:\/\/www.caterinaquartana.it\/wp-content\/uploads\/2020\/11\/10.png\" \/>\n\t<meta property=\"og:image:width\" content=\"1080\" \/>\n\t<meta property=\"og:image:height\" content=\"1080\" \/>\n\t<meta property=\"og:image:type\" content=\"image\/png\" \/>\n<meta name=\"twitter:card\" content=\"summary_large_image\" \/>\n<meta name=\"twitter:label1\" content=\"Availability\" \/>\n\t<meta name=\"twitter:data1\" content=\"In stock\" \/>\n<script type=\"application\/ld+json\" class=\"yoast-schema-graph\">{\"@context\":\"https:\/\/schema.org\",\"@graph\":[{\"@type\":\"WebPage\",\"@id\":\"https:\/\/www.caterinaquartana.it\/en\/product\/pouf-in-linen-with-black-and-ecru-lozenges-design-forest-green-velvet-ribbon\/\",\"url\":\"https:\/\/www.caterinaquartana.it\/en\/product\/pouf-in-linen-with-black-and-ecru-lozenges-design-forest-green-velvet-ribbon\/\",\"name\":\"Pouf Nero Ecr\u00f9 e Verde Bosco Caterina Quartana Textile Designer\",\"isPartOf\":{\"@id\":\"https:\/\/www.caterinaquartana.it\/en\/#website\"},\"primaryImageOfPage\":{\"@id\":\"https:\/\/www.caterinaquartana.it\/en\/product\/pouf-in-linen-with-black-and-ecru-lozenges-design-forest-green-velvet-ribbon\/#primaryimage\"},\"image\":{\"@id\":\"https:\/\/www.caterinaquartana.it\/en\/product\/pouf-in-linen-with-black-and-ecru-lozenges-design-forest-green-velvet-ribbon\/#primaryimage\"},\"thumbnailUrl\":\"https:\/\/www.caterinaquartana.it\/wp-content\/uploads\/2020\/11\/10.png\",\"datePublished\":\"2020-07-03T15:13:47+00:00\",\"dateModified\":\"2022-03-20T15:21:27+00:00\",\"description\":\"La sua fodera esterna \u00e8 realizzata con tessuti naturali, conferisce un senso di sofficit\u00e0 pur sostenendo il vostro corpo senza farlo sprofondare.\",\"breadcrumb\":{\"@id\":\"https:\/\/www.caterinaquartana.it\/en\/product\/pouf-in-linen-with-black-and-ecru-lozenges-design-forest-green-velvet-ribbon\/#breadcrumb\"},\"inLanguage\":\"en-US\",\"potentialAction\":[{\"@type\":\"ReadAction\",\"target\":[\"https:\/\/www.caterinaquartana.it\/en\/product\/pouf-in-linen-with-black-and-ecru-lozenges-design-forest-green-velvet-ribbon\/\"]}]},{\"@type\":\"ImageObject\",\"inLanguage\":\"en-US\",\"@id\":\"https:\/\/www.caterinaquartana.it\/en\/product\/pouf-in-linen-with-black-and-ecru-lozenges-design-forest-green-velvet-ribbon\/#primaryimage\",\"url\":\"https:\/\/www.caterinaquartana.it\/wp-content\/uploads\/2020\/11\/10.png\",\"contentUrl\":\"https:\/\/www.caterinaquartana.it\/wp-content\/uploads\/2020\/11\/10.png\",\"width\":1080,\"height\":1080},{\"@type\":\"BreadcrumbList\",\"@id\":\"https:\/\/www.caterinaquartana.it\/en\/product\/pouf-in-linen-with-black-and-ecru-lozenges-design-forest-green-velvet-ribbon\/#breadcrumb\",\"itemListElement\":[{\"@type\":\"ListItem\",\"position\":1,\"name\":\"Home\",\"item\":\"https:\/\/www.caterinaquartana.it\/en\/\"},{\"@type\":\"ListItem\",\"position\":2,\"name\":\"Shop\",\"item\":\"https:\/\/www.caterinaquartana.it\/en\/shop\/\"},{\"@type\":\"ListItem\",\"position\":3,\"name\":\"Pouf in linen with black and ecru lozenges design, forest green velvet ribbon\"}]},{\"@type\":\"WebSite\",\"@id\":\"https:\/\/www.caterinaquartana.it\/en\/#website\",\"url\":\"https:\/\/www.caterinaquartana.it\/en\/\",\"name\":\"Caterina Quartana - Textile Designer\",\"description\":\"Nell&#039;arredamento, nella moda e nell&#039;arte Caterina Quartana da vita a tessuti unici realizzati a mano tramite le pi\u00f9 antiche tecniche di tessitura lungo una trama ed un ordito che dona unicit\u00e0 e splendore alle sue creazioni.\",\"publisher\":{\"@id\":\"https:\/\/www.caterinaquartana.it\/en\/#organization\"},\"potentialAction\":[{\"@type\":\"SearchAction\",\"target\":{\"@type\":\"EntryPoint\",\"urlTemplate\":\"https:\/\/www.caterinaquartana.it\/en\/?s={search_term_string}\"},\"query-input\":{\"@type\":\"PropertyValueSpecification\",\"valueRequired\":true,\"valueName\":\"search_term_string\"}}],\"inLanguage\":\"en-US\"},{\"@type\":\"Organization\",\"@id\":\"https:\/\/www.caterinaquartana.it\/en\/#organization\",\"name\":\"Caterina Quartana - Textile Designer\",\"url\":\"https:\/\/www.caterinaquartana.it\/en\/\",\"logo\":{\"@type\":\"ImageObject\",\"inLanguage\":\"en-US\",\"@id\":\"https:\/\/www.caterinaquartana.it\/en\/#\/schema\/logo\/image\/\",\"url\":\"https:\/\/www.caterinaquartana.it\/wp-content\/uploads\/2019\/05\/CQ-LOGO-copia.png\",\"contentUrl\":\"https:\/\/www.caterinaquartana.it\/wp-content\/uploads\/2019\/05\/CQ-LOGO-copia.png\",\"width\":354,\"height\":236,\"caption\":\"Caterina Quartana - Textile Designer\"},\"image\":{\"@id\":\"https:\/\/www.caterinaquartana.it\/en\/#\/schema\/logo\/image\/\"},\"sameAs\":[\"http:\/\/facebook.com\/quartanacaterina\",\"http:\/\/instagram.com\/caterinaquartana\",\"https:\/\/www.youtube.com\/channel\/UCq0--0eoG6TKYdQ9VhyswIA\"]}]}<\/script>\n<meta property=\"product:brand\" content=\"variable\" \/>\n<meta property=\"og:availability\" content=\"instock\" \/>\n<meta property=\"product:availability\" content=\"instock\" \/>\n<meta property=\"product:condition\" content=\"new\" \/>\n<!-- \/ Yoast SEO Premium plugin. -->","yoast_head_json":{"title":"Pouf Nero Ecr\u00f9 e Verde Bosco Caterina Quartana Textile Designer","description":"La sua fodera esterna \u00e8 realizzata con tessuti naturali, conferisce un senso di sofficit\u00e0 pur sostenendo il vostro corpo senza farlo sprofondare.","robots":{"index":"index","follow":"follow","max-snippet":"max-snippet:-1","max-image-preview":"max-image-preview:large","max-video-preview":"max-video-preview:-1"},"canonical":"https:\/\/www.caterinaquartana.it\/en\/product\/pouf-in-linen-with-black-and-ecru-lozenges-design-forest-green-velvet-ribbon\/","og_locale":"en_US","og_type":"article","og_title":"Pouf in linen with black and ecru lozenges design, forest green velvet ribbon","og_description":"La sua fodera esterna \u00e8 realizzata con tessuti naturali, conferisce un senso di sofficit\u00e0 pur sostenendo il vostro corpo senza farlo sprofondare.","og_url":"https:\/\/www.caterinaquartana.it\/en\/product\/pouf-in-linen-with-black-and-ecru-lozenges-design-forest-green-velvet-ribbon\/","og_site_name":"Caterina Quartana - Textile Designer","article_publisher":"http:\/\/facebook.com\/quartanacaterina","article_modified_time":"2022-03-20T15:21:27+00:00","og_image":[{"width":1080,"height":1080,"url":"https:\/\/www.caterinaquartana.it\/wp-content\/uploads\/2020\/11\/10.png","type":"image\/png"}],"twitter_card":"summary_large_image","twitter_misc":{"Availability":"In stock"},"schema":{"@context":"https:\/\/schema.org","@graph":[{"@type":"WebPage","@id":"https:\/\/www.caterinaquartana.it\/en\/product\/pouf-in-linen-with-black-and-ecru-lozenges-design-forest-green-velvet-ribbon\/","url":"https:\/\/www.caterinaquartana.it\/en\/product\/pouf-in-linen-with-black-and-ecru-lozenges-design-forest-green-velvet-ribbon\/","name":"Pouf Nero Ecr\u00f9 e Verde Bosco Caterina Quartana Textile Designer","isPartOf":{"@id":"https:\/\/www.caterinaquartana.it\/en\/#website"},"primaryImageOfPage":{"@id":"https:\/\/www.caterinaquartana.it\/en\/product\/pouf-in-linen-with-black-and-ecru-lozenges-design-forest-green-velvet-ribbon\/#primaryimage"},"image":{"@id":"https:\/\/www.caterinaquartana.it\/en\/product\/pouf-in-linen-with-black-and-ecru-lozenges-design-forest-green-velvet-ribbon\/#primaryimage"},"thumbnailUrl":"https:\/\/www.caterinaquartana.it\/wp-content\/uploads\/2020\/11\/10.png","datePublished":"2020-07-03T15:13:47+00:00","dateModified":"2022-03-20T15:21:27+00:00","description":"La sua fodera esterna \u00e8 realizzata con tessuti naturali, conferisce un senso di sofficit\u00e0 pur sostenendo il vostro corpo senza farlo sprofondare.","breadcrumb":{"@id":"https:\/\/www.caterinaquartana.it\/en\/product\/pouf-in-linen-with-black-and-ecru-lozenges-design-forest-green-velvet-ribbon\/#breadcrumb"},"inLanguage":"en-US","potentialAction":[{"@type":"ReadAction","target":["https:\/\/www.caterinaquartana.it\/en\/product\/pouf-in-linen-with-black-and-ecru-lozenges-design-forest-green-velvet-ribbon\/"]}]},{"@type":"ImageObject","inLanguage":"en-US","@id":"https:\/\/www.caterinaquartana.it\/en\/product\/pouf-in-linen-with-black-and-ecru-lozenges-design-forest-green-velvet-ribbon\/#primaryimage","url":"https:\/\/www.caterinaquartana.it\/wp-content\/uploads\/2020\/11\/10.png","contentUrl":"https:\/\/www.caterinaquartana.it\/wp-content\/uploads\/2020\/11\/10.png","width":1080,"height":1080},{"@type":"BreadcrumbList","@id":"https:\/\/www.caterinaquartana.it\/en\/product\/pouf-in-linen-with-black-and-ecru-lozenges-design-forest-green-velvet-ribbon\/#breadcrumb","itemListElement":[{"@type":"ListItem","position":1,"name":"Home","item":"https:\/\/www.caterinaquartana.it\/en\/"},{"@type":"ListItem","position":2,"name":"Shop","item":"https:\/\/www.caterinaquartana.it\/en\/shop\/"},{"@type":"ListItem","position":3,"name":"Pouf in linen with black and ecru lozenges design, forest green velvet ribbon"}]},{"@type":"WebSite","@id":"https:\/\/www.caterinaquartana.it\/en\/#website","url":"https:\/\/www.caterinaquartana.it\/en\/","name":"Caterina Quartana - Textile Designer","description":"Nell&#039;arredamento, nella moda e nell&#039;arte Caterina Quartana da vita a tessuti unici realizzati a mano tramite le pi\u00f9 antiche tecniche di tessitura lungo una trama ed un ordito che dona unicit\u00e0 e splendore alle sue creazioni.","publisher":{"@id":"https:\/\/www.caterinaquartana.it\/en\/#organization"},"potentialAction":[{"@type":"SearchAction","target":{"@type":"EntryPoint","urlTemplate":"https:\/\/www.caterinaquartana.it\/en\/?s={search_term_string}"},"query-input":{"@type":"PropertyValueSpecification","valueRequired":true,"valueName":"search_term_string"}}],"inLanguage":"en-US"},{"@type":"Organization","@id":"https:\/\/www.caterinaquartana.it\/en\/#organization","name":"Caterina Quartana - Textile Designer","url":"https:\/\/www.caterinaquartana.it\/en\/","logo":{"@type":"ImageObject","inLanguage":"en-US","@id":"https:\/\/www.caterinaquartana.it\/en\/#\/schema\/logo\/image\/","url":"https:\/\/www.caterinaquartana.it\/wp-content\/uploads\/2019\/05\/CQ-LOGO-copia.png","contentUrl":"https:\/\/www.caterinaquartana.it\/wp-content\/uploads\/2019\/05\/CQ-LOGO-copia.png","width":354,"height":236,"caption":"Caterina Quartana - Textile Designer"},"image":{"@id":"https:\/\/www.caterinaquartana.it\/en\/#\/schema\/logo\/image\/"},"sameAs":["http:\/\/facebook.com\/quartanacaterina","http:\/\/instagram.com\/caterinaquartana","https:\/\/www.youtube.com\/channel\/UCq0--0eoG6TKYdQ9VhyswIA"]}]},"product_brand":"variable","og_availability":"instock","product_availability":"instock","product_condition":"new"},"jetpack_sharing_enabled":true,"_links":{"self":[{"href":"https:\/\/www.caterinaquartana.it\/en\/wp-json\/wp\/v2\/product\/8588","targetHints":{"allow":["GET"]}}],"collection":[{"href":"https:\/\/www.caterinaquartana.it\/en\/wp-json\/wp\/v2\/product"}],"about":[{"href":"https:\/\/www.caterinaquartana.it\/en\/wp-json\/wp\/v2\/types\/product"}],"wp:featuredmedia":[{"embeddable":true,"href":"https:\/\/www.caterinaquartana.it\/en\/wp-json\/wp\/v2\/media\/14543"}],"wp:attachment":[{"href":"https:\/\/www.caterinaquartana.it\/en\/wp-json\/wp\/v2\/media?parent=8588"}],"wp:term":[{"taxonomy":"product_brand","embeddable":true,"href":"https:\/\/www.caterinaquartana.it\/en\/wp-json\/wp\/v2\/product_brand?post=8588"},{"taxonomy":"product_cat","embeddable":true,"href":"https:\/\/www.caterinaquartana.it\/en\/wp-json\/wp\/v2\/product_cat?post=8588"},{"taxonomy":"product_tag","embeddable":true,"href":"https:\/\/www.caterinaquartana.it\/en\/wp-json\/wp\/v2\/product_tag?post=8588"}],"curies":[{"name":"wp","href":"https:\/\/api.w.org\/{rel}","templated":true}]}}